{"id":123,"date":"2021-03-19T09:43:42","date_gmt":"2021-03-19T08:43:42","guid":{"rendered":"https:\/\/openstages.net\/?page_id=123"},"modified":"2021-09-18T08:50:09","modified_gmt":"2021-09-18T06:50:09","slug":"about","status":"publish","type":"page","link":"https:\/\/openstages.net\/es\/about\/","title":{"rendered":"Sobre"},"content":{"rendered":"<div data-elementor-type=\"wp-page\" data-elementor-id=\"123\" class=\"elementor elementor-123\" data-elementor-post-type=\"page\">\n\t\t\t\t\t\t<section class=\"elementor-section elementor-top-section elementor-element elementor-element-8ad4dfb elementor-section-boxed elementor-section-height-default elementor-section-height-default\" data-id=\"8ad4dfb\" data-element_type=\"section\" data-e-type=\"section\">\n\t\t\t\t\t\t<div class=\"elementor-container elementor-column-gap-default\">\n\t\t\t\t\t<div class=\"elementor-column elementor-col-100 elementor-top-column elementor-element elementor-element-5c766a2 os-content\" data-id=\"5c766a2\" data-element_type=\"column\" data-e-type=\"column\">\n\t\t\t<div class=\"elementor-widget-wrap elementor-element-populated\">\n\t\t\t\t\t\t<div class=\"elementor-element elementor-element-b3b0d54 os-titulo elementor-widget elementor-widget-heading\" data-id=\"b3b0d54\" data-element_type=\"widget\" data-e-type=\"widget\" data-widget_type=\"heading.default\">\n\t\t\t\t<div class=\"elementor-widget-container\">\n\t\t\t\t\t<h1 class=\"elementor-heading-title elementor-size-default\">Open Stages<\/h1>\t\t\t\t<\/div>\n\t\t\t\t<\/div>\n\t\t\t\t<div class=\"elementor-element elementor-element-97deb3f elementor-widget elementor-widget-text-editor\" data-id=\"97deb3f\" data-element_type=\"widget\" data-e-type=\"widget\" data-widget_type=\"text-editor.default\">\n\t\t\t\t<div class=\"elementor-widget-container\">\n\t\t\t\t\t\t\t\t\t<p>Open Stages es un proyecto en camino, arraigado en el encuentro entre <b><a href=\"http:\/\/www.scenesdenfance-assitej.fr\/\">Sc\u00e8nes d&#039;enfance - Assitej Francia<\/a>, <a href=\"https:\/\/www.assitej.net\/\">Assitej Epa\u00f1a<\/a>,<\/b> <a href=\"https:\/\/www.assitej-italia.it\/\"><b>Assitej Italia <\/b><\/a>y en la voluntad de comparar y compartir sobre los temas de migraci\u00f3n e inclusi\u00f3n en el contexto de las artes esc\u00e9nicas para el p\u00fablico joven. Este inter\u00e9s com\u00fan pasa de ser los tres centros nacionales de Estados de Assitej con vistas al mar Mediterr\u00e1neo, lamentablemente cruciales en las rutas migratorias hacia la Uni\u00f3n Europea, as\u00ed como la historia de cada pa\u00eds.<\/p>\n<p>As\u00ed naci\u00f3 TYA y el proyecto de migraci\u00f3n: se present\u00f3 en septiembre de 2019 con motivo del Encuentro Art\u00edstico de Assitej International celebrado en Kristiansand (Noruega). En su marco, los migrantes florecieron y est\u00e1 creciendo.<\/p>\n<p><span style=\"white-space: pre-wrap;\">Open Stages pretende presentar una muestra transversal tem\u00e1tica de los numerosos proyectos art\u00edsticos y reflexiones en un inicio producidos en los tres pa\u00edses promotores para luego abrirse a las experiencias de otras naciones.<\/span><\/p>\n<p><span style=\"white-space: pre-wrap;\"><span style=\"white-space: pre-wrap;\"><b>Open Stages es una colecci\u00f3n din\u00e1mica, siempre en progreso, de espect\u00e1culos, proyectos, art\u00edculos y experiencias dedicadas a la migraci\u00f3n y la inmigraci\u00f3n.<\/b>, tambi\u00e9n decay\u00f3 en temas como la comparaci\u00f3n con el Otro, la escucha, la recepci\u00f3n. Se trata de temas relacionados pero imprescindibles, en particular en el di\u00e1logo con los j\u00f3venes, los ni\u00f1os y la primera infancia, gracias a su actitud alusiva que permite abrirse a\u00fan m\u00e1s el abanico de la expresi\u00f3n art\u00edstica, como tambi\u00e9n se evidencia en PalchiAPerti \/ OpenStages Manifesto.<\/span><\/span><\/p>\n<p><span style=\"white-space: pre-wrap;\"><span style=\"white-space: pre-wrap;\"><span style=\"white-space: pre-wrap;\">La p\u00e1gina web de Openstages se ha presentado en el Congreso Mundial Internacional Assitej 2021, junto con las experiencias de Francia, Espa\u00f1a e Italia. Openstages acoger\u00e1 las experiencias de todos los dem\u00e1s centros nacionales Assitej del mundo que pretendan sumarse al proyecto. Inevitablemente, su incorporaci\u00f3n permitir\u00e1 tambi\u00e9n extender la misma idea de migraci\u00f3n \/ inmigraci\u00f3n, as\u00ed como su traducci\u00f3n al TYA.<\/span><\/span><\/span><\/p>\n<p><\/p>\t\t\t\t\t\t\t\t<\/div>\n\t\t\t\t<\/div>\n\t\t\t\t<div class=\"elementor-element elementor-element-a290f31 elementor-align-center elementor-widget elementor-widget-button\" data-id=\"a290f31\" data-element_type=\"widget\" data-e-type=\"widget\" data-widget_type=\"button.default\">\n\t\t\t\t<div class=\"elementor-widget-container\">\n\t\t\t\t\t\t\t\t\t<div class=\"elementor-button-wrapper\">\n\t\t\t\t\t<a class=\"elementor-button elementor-button-link elementor-size-lg\" href=\"https:\/\/www.assitej-italia.it\/wp-content\/uploads\/2019\/09\/assitej-italia-open-stages-manifesto.pdf\">\n\t\t\t\t\t\t<span class=\"elementor-button-content-wrapper\">\n\t\t\t\t\t\t\t\t\t<span class=\"elementor-button-text\">Leer el manifiesto<\/span>\n\t\t\t\t\t<\/span>\n\t\t\t\t\t<\/a>\n\t\t\t\t<\/div>\n\t\t\t\t\t\t\t\t<\/div>\n\t\t\t\t<\/div>\n\t\t\t\t\t<\/div>\n\t\t<\/div>\n\t\t\t\t\t<\/div>\n\t\t<\/section>\n\t\t\t\t<section class=\"elementor-section elementor-top-section elementor-element elementor-element-c48a28d elementor-section-boxed elementor-section-height-default elementor-section-height-default\" data-id=\"c48a28d\" data-element_type=\"section\" data-e-type=\"section\">\n\t\t\t\t\t\t<div class=\"elementor-container elementor-column-gap-default\">\n\t\t\t\t\t<div class=\"elementor-column elementor-col-100 elementor-top-column elementor-element elementor-element-6e0b570\" data-id=\"6e0b570\" data-element_type=\"column\" data-e-type=\"column\">\n\t\t\t<div class=\"elementor-widget-wrap\">\n\t\t\t\t\t\t\t<\/div>\n\t\t<\/div>\n\t\t\t\t\t<\/div>\n\t\t<\/section>\n\t\t\t\t<\/div>","protected":false},"excerpt":{"rendered":"<p>Acerca de Open Stages Open Stages es un proyecto en camino, arraigado en el encuentro entre Sc\u00e8nes d&#039;enfance - Assitej France, Assitej Epa\u00f1a, Assitej Italia y en la voluntad de comparar y compartir sobre los temas de migraci\u00f3n e inclusi\u00f3n en el contexto de la actuaci\u00f3n. artes para p\u00fablico joven. Este inter\u00e9s com\u00fan se mueve de<a class=\"more-link\" href=\"https:\/\/openstages.net\/es\/about\/\">Seguir leyendo <span class=\"screen-reader-text\">&quot;Sobre&quot;<\/span><\/a><\/p>","protected":false},"author":6,"featured_media":0,"parent":0,"menu_order":0,"comment_status":"closed","ping_status":"closed","template":"","meta":{"footnotes":""},"class_list":["post-123","page","type-page","status-publish","hentry","entry"],"acf":[],"_links":{"self":[{"href":"https:\/\/openstages.net\/es\/wp-json\/wp\/v2\/pages\/123","targetHints":{"allow":["GET"]}}],"collection":[{"href":"https:\/\/openstages.net\/es\/wp-json\/wp\/v2\/pages"}],"about":[{"href":"https:\/\/openstages.net\/es\/wp-json\/wp\/v2\/types\/page"}],"author":[{"embeddable":true,"href":"https:\/\/openstages.net\/es\/wp-json\/wp\/v2\/users\/6"}],"replies":[{"embeddable":true,"href":"https:\/\/openstages.net\/es\/wp-json\/wp\/v2\/comments?post=123"}],"version-history":[{"count":0,"href":"https:\/\/openstages.net\/es\/wp-json\/wp\/v2\/pages\/123\/revisions"}],"wp:attachment":[{"href":"https:\/\/openstages.net\/es\/wp-json\/wp\/v2\/media?parent=123"}],"curies":[{"name":"wp","href":"https:\/\/api.w.org\/{rel}","templated":true}]}}