{"id":3574,"date":"2021-03-25T11:41:16","date_gmt":"2021-03-25T10:41:16","guid":{"rendered":"https:\/\/openstages.net\/?page_id=3574"},"modified":"2021-04-18T12:15:50","modified_gmt":"2021-04-18T10:15:50","slug":"cookies-policy","status":"publish","type":"page","link":"https:\/\/openstages.net\/es\/cookies-policy\/","title":{"rendered":"Pol\u00edtica de cookies"},"content":{"rendered":"<div data-elementor-type=\"wp-page\" data-elementor-id=\"3574\" class=\"elementor elementor-3574\" data-elementor-post-type=\"page\">\n\t\t\t\t\t\t<section class=\"elementor-section elementor-top-section elementor-element elementor-element-0283005 elementor-section-boxed elementor-section-height-default elementor-section-height-default\" data-id=\"0283005\" data-element_type=\"section\" data-e-type=\"section\">\n\t\t\t\t\t\t<div class=\"elementor-container elementor-column-gap-default\">\n\t\t\t\t\t<div class=\"elementor-column elementor-col-100 elementor-top-column elementor-element elementor-element-2654f22 os-content\" data-id=\"2654f22\" data-element_type=\"column\" data-e-type=\"column\">\n\t\t\t<div class=\"elementor-widget-wrap elementor-element-populated\">\n\t\t\t\t\t\t<div class=\"elementor-element elementor-element-f1c0b8d os-titulo elementor-widget elementor-widget-heading\" data-id=\"f1c0b8d\" data-element_type=\"widget\" data-e-type=\"widget\" data-widget_type=\"heading.default\">\n\t\t\t\t<div class=\"elementor-widget-container\">\n\t\t\t\t\t<h1 class=\"elementor-heading-title elementor-size-default\">Pol\u00edtica de cookies<\/h1>\t\t\t\t<\/div>\n\t\t\t\t<\/div>\n\t\t\t\t<div class=\"elementor-element elementor-element-6f11ab5 elementor-widget elementor-widget-text-editor\" data-id=\"6f11ab5\" data-element_type=\"widget\" data-e-type=\"widget\" data-widget_type=\"text-editor.default\">\n\t\t\t\t<div class=\"elementor-widget-container\">\n\t\t\t\t\t\t\t\t\t\n<p>\u00daltima actualizaci\u00f3n: 25 de marzo de 2021<\/p>\n\n\n\n<p>Esta Pol\u00edtica de Cookies explica qu\u00e9 son las Cookies y c\u00f3mo las usamos. Debe leer esta pol\u00edtica para que pueda comprender qu\u00e9 tipo de cookies usamos, o la informaci\u00f3n que recopilamos usando cookies y c\u00f3mo se usa esa informaci\u00f3n. Esta Pol\u00edtica de Cookies ha sido creada con la ayuda del&nbsp;<a href=\"https:\/\/www.freeprivacypolicy.com\/free-cookies-policy-generator\/\" target=\"_blank\" rel=\"noreferrer noopener\">Generador de Pol\u00edticas de Cookies<\/a>.<\/p>\n\n\n\n<p>Las cookies no suelen contener ninguna informaci\u00f3n que identifique personalmente a un usuario, pero la informaci\u00f3n personal que almacenamos sobre usted puede estar vinculada a la informaci\u00f3n almacenada y obtenida de las cookies. Para obtener m\u00e1s informaci\u00f3n sobre c\u00f3mo usamos, almacenamos y mantenemos seguros sus datos personales, consulte nuestra Pol\u00edtica de privacidad.<\/p>\n\n\n\n<p>No almacenamos informaci\u00f3n personal confidencial, como direcciones de correo, contrase\u00f1as de cuentas, etc. en las cookies que utilizamos.<\/p>\n\n\n\n<h1 class=\"wp-block-heading\">Interpretaci\u00f3n y definiciones<\/h1>\n\n\n\n<h2 class=\"wp-block-heading\">Interpretaci\u00f3n<\/h2>\n\n\n\n<p>Las palabras cuya letra inicial est\u00e1 en may\u00fascula tienen significados definidos en las siguientes condiciones. Las siguientes definiciones tendr\u00e1n el mismo significado independientemente de que aparezcan en singular o en plural.<\/p>\n\n\n\n<h2 class=\"wp-block-heading\">Definiciones<\/h2>\n\n\n\n<p>A los efectos de esta Pol\u00edtica de Cookies:<\/p>\n\n\n\n<ul class=\"wp-block-list\"><li><strong>Compa\u00f1\u00eda<\/strong>&nbsp;(referido como \u201cla Compa\u00f1\u00eda\u201d, \u201cNosotros\u201d, \u201cNos\u201d o \u201cNuestro\u201d en esta Pol\u00edtica de Cookies) se refiere a ASSITEJ Espa\u00f1a, Calle Morat\u00edn 7.<\/li><li><strong>Galletas<\/strong>&nbsp;significa peque\u00f1os archivos que un sitio web coloca en su computadora, dispositivo m\u00f3vil o cualquier otro dispositivo, que contienen detalles de su historial de navegaci\u00f3n en ese sitio web, entre sus muchos usos.<\/li><li><strong>Sitio web<\/strong>&nbsp;se refiere a Open Stages, accesible desde&nbsp;<a href=\"https:\/\/openstages.net\/es\/\" rel=\"noreferrer noopener\" target=\"_blank\">https:\/\/openstages.net\/<\/a><\/li><li><strong>T\u00fa<\/strong>&nbsp;significa la persona que accede o usa el sitio web, o una empresa o cualquier entidad legal en nombre de la cual dicha persona accede o usa el sitio web, seg\u00fan corresponda.<\/li><\/ul>\n\n\n\n<h1 class=\"wp-block-heading\">El uso de las Cookies<\/h1>\n\n\n\n<h2 class=\"wp-block-heading\">Tipo de cookies que usamos<\/h2>\n\n\n\n<p>Las cookies pueden ser cookies &quot;persistentes&quot; o de &quot;sesi\u00f3n&quot;. Las cookies persistentes permanecen en su computadora personal o dispositivo m\u00f3vil cuando se desconecta, mientras que las cookies de sesi\u00f3n se eliminan tan pronto como cierra su navegador web.<\/p>\n\n\n\n<p>Utilizamos cookies de sesi\u00f3n y persistentes para los fines que se establecen a continuaci\u00f3n:<\/p>\n\n\n\n<ul class=\"wp-block-list\"><li><strong>Cookies necesarias \/ esenciales<\/strong>Tipo: Cookies de sesi\u00f3n Administradas por: Nosotros Prop\u00f3sito: Estas cookies son esenciales para brindarle los servicios disponibles a trav\u00e9s del sitio web y para permitirle utilizar algunas de sus funciones. Ayudan a autenticar a los usuarios y a prevenir el uso fraudulento de las cuentas de usuario. Sin estas cookies, los servicios que ha solicitado no se pueden proporcionar, y solo usamos estas cookies para brindarle esos servicios.<\/li><li><strong>Cookies de funcionalidad<\/strong>Tipo: Cookies persistentes Administradas por: Nosotros Prop\u00f3sito: Estas cookies nos permiten recordar las elecciones que realiza cuando utiliza el sitio web, como recordar sus datos de inicio de sesi\u00f3n o su preferencia de idioma. El prop\u00f3sito de estas cookies es brindarle una experiencia m\u00e1s personal y evitar que tenga que volver a ingresar sus preferencias cada vez que utiliza el sitio web.<\/li><\/ul>\n\n\n\n<h2 class=\"wp-block-heading\">Sus opciones con respecto a las cookies<\/h2>\n\n\n\n<p>Si prefiere evitar el uso de cookies en el sitio web, primero debe desactivar el uso de cookies en su navegador y luego eliminar las cookies guardadas en su navegador asociado con este sitio web. Puede utilizar esta opci\u00f3n para evitar el uso de cookies en cualquier momento.<\/p>\n\n\n\n<p>Si no acepta nuestras cookies, puede experimentar algunos inconvenientes en el uso del sitio web y es posible que algunas funciones no funcionen correctamente.<\/p>\n\n\n\n<p>Si desea eliminar las cookies o indicarle a su navegador web que elimine o rechace las cookies, visite las p\u00e1ginas de ayuda de su navegador web.<\/p>\n\n\n\n<ul class=\"wp-block-list\"><li>Para el navegador web Chrome, visite esta p\u00e1gina de Google:&nbsp;<a href=\"https:\/\/support.google.com\/accounts\/answer\/32050\" rel=\"noreferrer noopener\" target=\"_blank\">https:\/\/support.google.com\/accounts\/answer\/32050<\/a><\/li><li>Para el navegador web Internet Explorer, visite esta p\u00e1gina de Microsoft:&nbsp;<a href=\"http:\/\/support.microsoft.com\/kb\/278835\" rel=\"noreferrer noopener\" target=\"_blank\">http:\/\/support.microsoft.com\/kb\/278835<\/a><\/li><li>Para el navegador web Firefox, visite esta p\u00e1gina de Mozilla:&nbsp;<a href=\"https:\/\/support.mozilla.org\/en-US\/kb\/delete-cookies-remove-info-websites-stored\" rel=\"noreferrer noopener\" target=\"_blank\">https:\/\/support.mozilla.org\/en-US\/kb\/delete-cookies-remove-info-websites-stored<\/a><\/li><li>Para el navegador web Safari, visite esta p\u00e1gina de Apple:&nbsp;<a href=\"https:\/\/support.apple.com\/guide\/safari\/manage-cookies-and-website-data-sfri11471\/mac\" rel=\"noreferrer noopener\" target=\"_blank\">https:\/\/support.apple.com\/guide\/safari\/manage-cookies-and-website-data-sfri11471\/mac<\/a><\/li><\/ul>\n\n\n\n<p>Para cualquier otro navegador web, visite las p\u00e1ginas web oficiales de su navegador web.<\/p>\n\n\n\n<h2 class=\"wp-block-heading\">M\u00e1s informaci\u00f3n sobre cookies<\/h2>\n\n\n\n<p>Puede obtener m\u00e1s informaci\u00f3n sobre las cookies:&nbsp;<a href=\"https:\/\/www.freeprivacypolicy.com\/blog\/cookies\/\" target=\"_blank\" rel=\"noreferrer noopener\">Cookies: \u00bfQu\u00e9 hacen?<\/a>.<\/p>\n\n\n\n<h2 class=\"wp-block-heading\">Cont\u00e1ctenos<\/h2>\n\n\n\n<p>Si tiene alguna duda sobre esta Pol\u00edtica de Cookies, puede contactarnos:<\/p>\n\n\n\n<ul class=\"wp-block-list\"><li>Por correo electr\u00f3nico: Info@assitej.net<\/li><\/ul>\n\t\t\t\t\t\t\t\t<\/div>\n\t\t\t\t<\/div>\n\t\t\t\t\t<\/div>\n\t\t<\/div>\n\t\t\t\t\t<\/div>\n\t\t<\/section>\n\t\t\t\t<\/div>","protected":false},"excerpt":{"rendered":"<p>Pol\u00edtica de cookies \u00daltima actualizaci\u00f3n: 25 de marzo de 2021 Esta Pol\u00edtica de cookies explica qu\u00e9 son las cookies y c\u00f3mo las usamos. Debe leer esta pol\u00edtica para que pueda comprender qu\u00e9 tipo de cookies usamos, o la informaci\u00f3n que recopilamos usando cookies y c\u00f3mo se usa esa informaci\u00f3n. Esta Pol\u00edtica de Cookies ha sido creada con la<a class=\"more-link\" href=\"https:\/\/openstages.net\/es\/cookies-policy\/\">Seguir leyendo <span class=\"screen-reader-text\">&quot;Pol\u00edtica de cookies&quot;<\/span><\/a><\/p>","protected":false},"author":6,"featured_media":0,"parent":0,"menu_order":0,"comment_status":"closed","ping_status":"closed","template":"","meta":{"footnotes":""},"class_list":["post-3574","page","type-page","status-publish","hentry","entry"],"acf":[],"_links":{"self":[{"href":"https:\/\/openstages.net\/es\/wp-json\/wp\/v2\/pages\/3574","targetHints":{"allow":["GET"]}}],"collection":[{"href":"https:\/\/openstages.net\/es\/wp-json\/wp\/v2\/pages"}],"about":[{"href":"https:\/\/openstages.net\/es\/wp-json\/wp\/v2\/types\/page"}],"author":[{"embeddable":true,"href":"https:\/\/openstages.net\/es\/wp-json\/wp\/v2\/users\/6"}],"replies":[{"embeddable":true,"href":"https:\/\/openstages.net\/es\/wp-json\/wp\/v2\/comments?post=3574"}],"version-history":[{"count":0,"href":"https:\/\/openstages.net\/es\/wp-json\/wp\/v2\/pages\/3574\/revisions"}],"wp:attachment":[{"href":"https:\/\/openstages.net\/es\/wp-json\/wp\/v2\/media?parent=3574"}],"curies":[{"name":"wp","href":"https:\/\/api.w.org\/{rel}","templated":true}]}}