{"id":123,"date":"2021-03-19T09:43:42","date_gmt":"2021-03-19T08:43:42","guid":{"rendered":"https:\/\/openstages.net\/?page_id=123"},"modified":"2021-09-18T08:50:09","modified_gmt":"2021-09-18T06:50:09","slug":"about","status":"publish","type":"page","link":"https:\/\/openstages.net\/fr\/about\/","title":{"rendered":"\u00c0 propos de"},"content":{"rendered":"<div data-elementor-type=\"wp-page\" data-elementor-id=\"123\" class=\"elementor elementor-123\" data-elementor-post-type=\"page\">\n\t\t\t\t\t\t<section class=\"elementor-section elementor-top-section elementor-element elementor-element-8ad4dfb elementor-section-boxed elementor-section-height-default elementor-section-height-default\" data-id=\"8ad4dfb\" data-element_type=\"section\" data-e-type=\"section\">\n\t\t\t\t\t\t<div class=\"elementor-container elementor-column-gap-default\">\n\t\t\t\t\t<div class=\"elementor-column elementor-col-100 elementor-top-column elementor-element elementor-element-5c766a2 os-content\" data-id=\"5c766a2\" data-element_type=\"column\" data-e-type=\"column\">\n\t\t\t<div class=\"elementor-widget-wrap elementor-element-populated\">\n\t\t\t\t\t\t<div class=\"elementor-element elementor-element-b3b0d54 os-titulo elementor-widget elementor-widget-heading\" data-id=\"b3b0d54\" data-element_type=\"widget\" data-e-type=\"widget\" data-widget_type=\"heading.default\">\n\t\t\t\t<div class=\"elementor-widget-container\">\n\t\t\t\t\t<h1 class=\"elementor-heading-title elementor-size-default\">Open Stages<\/h1>\t\t\t\t<\/div>\n\t\t\t\t<\/div>\n\t\t\t\t<div class=\"elementor-element elementor-element-97deb3f elementor-widget elementor-widget-text-editor\" data-id=\"97deb3f\" data-element_type=\"widget\" data-e-type=\"widget\" data-widget_type=\"text-editor.default\">\n\t\t\t\t<div class=\"elementor-widget-container\">\n\t\t\t\t\t\t\t\t\t<p>Open Stages est un projet en cours, ancr\u00e9 dans la rencontre entre <b><a href=\"http:\/\/www.scenesdenfance-assitej.fr\/\">Sc\u00e8nes d&#039;enfance - Assitej France<\/a>, <a href=\"https:\/\/www.assitej.net\/\">Assitej Epa\u00f1a<\/a>,<\/b> <a href=\"https:\/\/www.assitej-italia.it\/\"><b>Assitej Italia <\/b><\/a>et dans la volont\u00e9 de comparer et de partager autour des th\u00e8mes de la migration et de l'inclusion dans les arts vivants pour le jeune public. Cet int\u00e9r\u00eat vient de la situation commune de trois centres nationaux de l'ASSITEJ, implant\u00e9s dans des pays de la rive nord de la mer M\u00e9diterran\u00e9e, malheureusement cruciaux dans les routes migratoires vers l'Union europ\u00e9enne, ainsi que de l'histoire de chaque pays.<\/p>\n<p>C'est ainsi qu'est n\u00e9 le projet TYA et migration: il a \u00e9t\u00e9 pr\u00e9sent\u00e9 en septembre 2019 \u00e0 l'occasion du Rassemblement Artistique d'Assitej International qui s'est tenu \u00e0 Kristiansand (Norv\u00e8ge). Puis il s'est d\u00e9velopp\u00e9 et s'est ouvert \u00e0 d'autres partenaires.<\/p>\n<p><span style=\"white-space: pre-wrap;\">Open Stages entend pr\u00e9senter un \u00e9chantillon interdisciplinaire des nombreux projets artistiques et r\u00e9flexions au d\u00e9part produits dans les trois pays promoteurs, puis s'ouvrir aux exp\u00e9riences d'autres nations.<\/span><\/p>\n<p><span style=\"white-space: pre-wrap;\"><span style=\"white-space: pre-wrap;\"><b>Open Stages est une collection dynamique, toujours en cours, de spectacles, projets, articles et exp\u00e9riences d\u00e9di\u00e9s \u00e0 la migration et \u00e0 l&#039;immigration<\/b>, qui inclut \u00e9galement des probl\u00e9matiques telles que la comparaison avec l'Autre, l'\u00e9coute, la r\u00e9ception. Ce sont des th\u00e8mes connexes mais essentiels, en particulier dans le dialogue avec les adolescents, les enfants et les tout-petits.<\/span><\/span><\/p>\n<p><span style=\"white-space: pre-wrap;\"><span style=\"white-space: pre-wrap;\"><span style=\"white-space: pre-wrap;\">La page Web d&#039;Openstages a \u00e9t\u00e9 pr\u00e9sent\u00e9e au Congr\u00e8s mondial international Assitej 2021, aux c\u00f4t\u00e9s des exp\u00e9riences de la France, de l&#039;Espagne et de l&#039;Italie. Openstages accueillera les exp\u00e9riences de tous les autres centres nationaux Assitej dans le monde qui entendent rejoindre le projet. In\u00e9vitablement, leur rapprochement permettra aussi d&#039;\u00e9tendre la m\u00eame id\u00e9e de migration\/immigration, ainsi que sa traduction au TYA.<\/span><\/span><\/span><\/p>\n<p><\/p>\t\t\t\t\t\t\t\t<\/div>\n\t\t\t\t<\/div>\n\t\t\t\t<div class=\"elementor-element elementor-element-a290f31 elementor-align-center elementor-widget elementor-widget-button\" data-id=\"a290f31\" data-element_type=\"widget\" data-e-type=\"widget\" data-widget_type=\"button.default\">\n\t\t\t\t<div class=\"elementor-widget-container\">\n\t\t\t\t\t\t\t\t\t<div class=\"elementor-button-wrapper\">\n\t\t\t\t\t<a class=\"elementor-button elementor-button-link elementor-size-lg\" href=\"https:\/\/www.assitej-italia.it\/wp-content\/uploads\/2019\/09\/assitej-italia-open-stages-manifesto.pdf\">\n\t\t\t\t\t\t<span class=\"elementor-button-content-wrapper\">\n\t\t\t\t\t\t\t\t\t<span class=\"elementor-button-text\">Lire le manifeste<\/span>\n\t\t\t\t\t<\/span>\n\t\t\t\t\t<\/a>\n\t\t\t\t<\/div>\n\t\t\t\t\t\t\t\t<\/div>\n\t\t\t\t<\/div>\n\t\t\t\t\t<\/div>\n\t\t<\/div>\n\t\t\t\t\t<\/div>\n\t\t<\/section>\n\t\t\t\t<section class=\"elementor-section elementor-top-section elementor-element elementor-element-c48a28d elementor-section-boxed elementor-section-height-default elementor-section-height-default\" data-id=\"c48a28d\" data-element_type=\"section\" data-e-type=\"section\">\n\t\t\t\t\t\t<div class=\"elementor-container elementor-column-gap-default\">\n\t\t\t\t\t<div class=\"elementor-column elementor-col-100 elementor-top-column elementor-element elementor-element-6e0b570\" data-id=\"6e0b570\" data-element_type=\"column\" data-e-type=\"column\">\n\t\t\t<div class=\"elementor-widget-wrap\">\n\t\t\t\t\t\t\t<\/div>\n\t\t<\/div>\n\t\t\t\t\t<\/div>\n\t\t<\/section>\n\t\t\t\t<\/div>","protected":false},"excerpt":{"rendered":"<p>\u00c0 propos d&#039;Open Stages Open Stages est un projet en route, ancr\u00e9 dans la rencontre entre Sc\u00e8nes d&#039;enfance \u2013 Assitej France, Assitej Epa\u00f1a, Assitej Italia et dans la volont\u00e9 de confronter et de partager sur les th\u00e8mes de la migration et de l&#039;inclusion dans le contexte du spectacle arts pour le jeune public. Cet int\u00e9r\u00eat commun passe de<a class=\"more-link\" href=\"https:\/\/openstages.net\/fr\/about\/\">continuer la lecture <span class=\"screen-reader-text\">&quot;Sur&quot;<\/span><\/a><\/p>","protected":false},"author":6,"featured_media":0,"parent":0,"menu_order":0,"comment_status":"closed","ping_status":"closed","template":"","meta":{"footnotes":""},"class_list":["post-123","page","type-page","status-publish","hentry","entry"],"acf":[],"_links":{"self":[{"href":"https:\/\/openstages.net\/fr\/wp-json\/wp\/v2\/pages\/123","targetHints":{"allow":["GET"]}}],"collection":[{"href":"https:\/\/openstages.net\/fr\/wp-json\/wp\/v2\/pages"}],"about":[{"href":"https:\/\/openstages.net\/fr\/wp-json\/wp\/v2\/types\/page"}],"author":[{"embeddable":true,"href":"https:\/\/openstages.net\/fr\/wp-json\/wp\/v2\/users\/6"}],"replies":[{"embeddable":true,"href":"https:\/\/openstages.net\/fr\/wp-json\/wp\/v2\/comments?post=123"}],"version-history":[{"count":0,"href":"https:\/\/openstages.net\/fr\/wp-json\/wp\/v2\/pages\/123\/revisions"}],"wp:attachment":[{"href":"https:\/\/openstages.net\/fr\/wp-json\/wp\/v2\/media?parent=123"}],"curies":[{"name":"wp","href":"https:\/\/api.w.org\/{rel}","templated":true}]}}