{"id":3574,"date":"2021-03-25T11:41:16","date_gmt":"2021-03-25T10:41:16","guid":{"rendered":"https:\/\/openstages.net\/?page_id=3574"},"modified":"2021-04-18T12:15:50","modified_gmt":"2021-04-18T10:15:50","slug":"cookies-policy","status":"publish","type":"page","link":"https:\/\/openstages.net\/fr\/cookies-policy\/","title":{"rendered":"Politique de cookies"},"content":{"rendered":"<div data-elementor-type=\"wp-page\" data-elementor-id=\"3574\" class=\"elementor elementor-3574\" data-elementor-post-type=\"page\">\n\t\t\t\t\t\t<section class=\"elementor-section elementor-top-section elementor-element elementor-element-0283005 elementor-section-boxed elementor-section-height-default elementor-section-height-default\" data-id=\"0283005\" data-element_type=\"section\" data-e-type=\"section\">\n\t\t\t\t\t\t<div class=\"elementor-container elementor-column-gap-default\">\n\t\t\t\t\t<div class=\"elementor-column elementor-col-100 elementor-top-column elementor-element elementor-element-2654f22 os-content\" data-id=\"2654f22\" data-element_type=\"column\" data-e-type=\"column\">\n\t\t\t<div class=\"elementor-widget-wrap elementor-element-populated\">\n\t\t\t\t\t\t<div class=\"elementor-element elementor-element-f1c0b8d os-titulo elementor-widget elementor-widget-heading\" data-id=\"f1c0b8d\" data-element_type=\"widget\" data-e-type=\"widget\" data-widget_type=\"heading.default\">\n\t\t\t\t<div class=\"elementor-widget-container\">\n\t\t\t\t\t<h1 class=\"elementor-heading-title elementor-size-default\">Politique de cookies<\/h1>\t\t\t\t<\/div>\n\t\t\t\t<\/div>\n\t\t\t\t<div class=\"elementor-element elementor-element-6f11ab5 elementor-widget elementor-widget-text-editor\" data-id=\"6f11ab5\" data-element_type=\"widget\" data-e-type=\"widget\" data-widget_type=\"text-editor.default\">\n\t\t\t\t<div class=\"elementor-widget-container\">\n\t\t\t\t\t\t\t\t\t\n<p>Derni\u00e8re mise \u00e0 jour: 25 mars 2021<\/p>\n\n\n\n<p>Cette politique de cookies explique ce que sont les cookies et comment nous les utilisons. Vous devriez lire cette politique afin que vous puissiez comprendre quel type de cookies nous utilisons, ou les informations que nous collectons \u00e0 l&#039;aide de cookies et comment ces informations sont utilis\u00e9es. Cette politique de cookies a \u00e9t\u00e9 cr\u00e9\u00e9e avec l&#039;aide du&nbsp;<a href=\"https:\/\/www.freeprivacypolicy.com\/free-cookies-policy-generator\/\" target=\"_blank\" rel=\"noreferrer noopener\">G\u00e9n\u00e9rateur de politique de cookies<\/a>.<\/p>\n\n\n\n<p>Les cookies ne contiennent g\u00e9n\u00e9ralement aucune information permettant d&#039;identifier personnellement un utilisateur, mais les informations personnelles que nous stockons \u00e0 votre sujet peuvent \u00eatre li\u00e9es aux informations stock\u00e9es et obtenues \u00e0 partir des cookies. Pour plus d&#039;informations sur la mani\u00e8re dont Nous utilisons, stockons et prot\u00e9geons vos donn\u00e9es personnelles, consultez notre Politique de confidentialit\u00e9.<\/p>\n\n\n\n<p>Nous ne stockons pas d&#039;informations personnelles sensibles, telles que les adresses postales, les mots de passe de compte, etc. dans les cookies que nous utilisons.<\/p>\n\n\n\n<h1 class=\"wp-block-heading\">Interpr\u00e9tation et d\u00e9finitions<\/h1>\n\n\n\n<h2 class=\"wp-block-heading\">Interpr\u00e9tation<\/h2>\n\n\n\n<p>Les mots dont la lettre initiale est en majuscule ont des significations d\u00e9finies dans les conditions suivantes. Les d\u00e9finitions suivantes ont la m\u00eame signification, qu&#039;elles apparaissent au singulier ou au pluriel.<\/p>\n\n\n\n<h2 class=\"wp-block-heading\">D\u00e9finitions<\/h2>\n\n\n\n<p>Aux fins de la pr\u00e9sente politique de cookies\u00a0:<\/p>\n\n\n\n<ul class=\"wp-block-list\"><li><strong>Entreprise<\/strong>&nbsp;(appel\u00e9e soit &quot;la Soci\u00e9t\u00e9&quot;, &quot;Nous&quot;, &quot;Notre&quot; ou &quot;Notre&quot; dans cette politique de cookies) fait r\u00e9f\u00e9rence \u00e0 ASSITEJ Espagne, Calle Morat\u00edn 7.<\/li><li><strong>Biscuits<\/strong>&nbsp;d\u00e9signe de petits fichiers qui sont plac\u00e9s sur votre ordinateur, appareil mobile ou tout autre appareil par un site Web, contenant les d\u00e9tails de votre historique de navigation sur ce site Web parmi ses nombreuses utilisations.<\/li><li><strong>Site Internet<\/strong>&nbsp;fait r\u00e9f\u00e9rence \u00e0 Open Stages, accessible depuis&nbsp;<a href=\"https:\/\/openstages.net\/fr\/\" rel=\"noreferrer noopener\" target=\"_blank\">https:\/\/openstages.net\/<\/a><\/li><li><strong>Toi<\/strong>&nbsp;d\u00e9signe la personne qui acc\u00e8de ou utilise le site Web, ou une entreprise ou toute entit\u00e9 juridique au nom de laquelle cette personne acc\u00e8de ou utilise le site Web, selon le cas.<\/li><\/ul>\n\n\n\n<h1 class=\"wp-block-heading\">L&#039;utilisation des Cookies<\/h1>\n\n\n\n<h2 class=\"wp-block-heading\">Type de cookies que nous utilisons<\/h2>\n\n\n\n<p>Les cookies peuvent \u00eatre des cookies \u00ab\u00a0persistants\u00a0\u00bb ou \u00ab\u00a0de session\u00a0\u00bb. Les cookies persistants restent sur votre ordinateur personnel ou votre appareil mobile lorsque vous vous d\u00e9connectez, tandis que les cookies de session sont supprim\u00e9s d\u00e8s que vous fermez votre navigateur Web.<\/p>\n\n\n\n<p>Nous utilisons \u00e0 la fois des cookies de session et des cookies persistants aux fins d\u00e9crites ci-dessous\u00a0:<\/p>\n\n\n\n<ul class=\"wp-block-list\"><li><strong>Cookies n\u00e9cessaires \/ essentiels<\/strong>Type: Cookies de session Administr\u00e9 par: Nous Objectif: Ces cookies sont essentiels pour vous fournir les services disponibles sur le site Web et pour vous permettre d&#039;utiliser certaines de ses fonctionnalit\u00e9s. Ils aident \u00e0 authentifier les utilisateurs et \u00e0 emp\u00eacher l&#039;utilisation frauduleuse des comptes d&#039;utilisateurs. Sans ces cookies, les services que vous avez demand\u00e9s ne peuvent pas \u00eatre fournis et nous n&#039;utilisons ces cookies que pour vous fournir ces services.<\/li><li><strong>Cookies de fonctionnalit\u00e9<\/strong>Type: Cookies persistants Administr\u00e9 par: Nous Objectif: Ces cookies nous permettent de nous souvenir des choix que vous faites lorsque vous utilisez le site Web, tels que la m\u00e9morisation de vos informations de connexion ou de votre pr\u00e9f\u00e9rence de langue. Le but de ces cookies est de vous offrir une exp\u00e9rience plus personnelle et de vous \u00e9viter d&#039;avoir \u00e0 ressaisir vos pr\u00e9f\u00e9rences chaque fois que vous utilisez le site Web.<\/li><\/ul>\n\n\n\n<h2 class=\"wp-block-heading\">Vos choix concernant les cookies<\/h2>\n\n\n\n<p>Si vous pr\u00e9f\u00e9rez \u00e9viter l&#039;utilisation de cookies sur le site Web, vous devez d&#039;abord d\u00e9sactiver l&#039;utilisation de cookies dans votre navigateur, puis supprimer les cookies enregistr\u00e9s dans votre navigateur associ\u00e9s \u00e0 ce site Web. Vous pouvez utiliser cette option pour emp\u00eacher l&#039;utilisation de cookies \u00e0 tout moment.<\/p>\n\n\n\n<p>Si vous n&#039;acceptez pas nos cookies, vous pouvez rencontrer des inconv\u00e9nients dans votre utilisation du site Web et certaines fonctionnalit\u00e9s peuvent ne pas fonctionner correctement.<\/p>\n\n\n\n<p>Si vous souhaitez supprimer les cookies ou demander \u00e0 votre navigateur Web de supprimer ou de refuser les cookies, veuillez visiter les pages d&#039;aide de votre navigateur Web.<\/p>\n\n\n\n<ul class=\"wp-block-list\"><li>Pour le navigateur Web Chrome, veuillez visiter cette page de Google\u00a0:&nbsp;<a href=\"https:\/\/support.google.com\/accounts\/answer\/32050\" rel=\"noreferrer noopener\" target=\"_blank\">https:\/\/support.google.com\/accounts\/answer\/32050<\/a><\/li><li>Pour le navigateur Web Internet Explorer, veuillez visiter cette page de Microsoft\u00a0:&nbsp;<a href=\"http:\/\/support.microsoft.com\/kb\/278835\" rel=\"noreferrer noopener\" target=\"_blank\">http:\/\/support.microsoft.com\/kb\/278835<\/a><\/li><li>Pour le navigateur Web Firefox, veuillez visiter cette page de Mozilla\u00a0:&nbsp;<a href=\"https:\/\/support.mozilla.org\/en-US\/kb\/delete-cookies-remove-info-websites-stored\" rel=\"noreferrer noopener\" target=\"_blank\">https:\/\/support.mozilla.org\/en-US\/kb\/delete-cookies-remove-info-websites-stored<\/a><\/li><li>Pour le navigateur Web Safari, veuillez visiter cette page d&#039;Apple\u00a0:&nbsp;<a href=\"https:\/\/support.apple.com\/guide\/safari\/manage-cookies-and-website-data-sfri11471\/mac\" rel=\"noreferrer noopener\" target=\"_blank\">https:\/\/support.apple.com\/guide\/safari\/manage-cookies-and-website-data-sfri11471\/mac<\/a><\/li><\/ul>\n\n\n\n<p>Pour tout autre navigateur Web, veuillez visiter les pages Web officielles de votre navigateur Web.<\/p>\n\n\n\n<h2 class=\"wp-block-heading\">Plus d&#039;informations sur les cookies<\/h2>\n\n\n\n<p>Vous pouvez en savoir plus sur les cookies :&nbsp;<a href=\"https:\/\/www.freeprivacypolicy.com\/blog\/cookies\/\" target=\"_blank\" rel=\"noreferrer noopener\">Cookies: que font-ils?<\/a>.<\/p>\n\n\n\n<h2 class=\"wp-block-heading\">Nous contacter<\/h2>\n\n\n\n<p>Si vous avez des questions sur cette politique de cookies, vous pouvez nous contacter :<\/p>\n\n\n\n<ul class=\"wp-block-list\"><li>Par email : Info@assitej.net<\/li><\/ul>\n\t\t\t\t\t\t\t\t<\/div>\n\t\t\t\t<\/div>\n\t\t\t\t\t<\/div>\n\t\t<\/div>\n\t\t\t\t\t<\/div>\n\t\t<\/section>\n\t\t\t\t<\/div>","protected":false},"excerpt":{"rendered":"<p>Politique de cookies Derni\u00e8re mise \u00e0 jour : 25 mars 2021 Cette politique de cookies explique ce que sont les cookies et comment nous les utilisons. Vous devriez lire cette politique afin que vous puissiez comprendre quel type de cookies nous utilisons, ou les informations que nous collectons \u00e0 l&#039;aide de cookies et comment ces informations sont utilis\u00e9es. Cette politique de cookies a \u00e9t\u00e9 cr\u00e9\u00e9e avec le<a class=\"more-link\" href=\"https:\/\/openstages.net\/fr\/cookies-policy\/\">continuer la lecture <span class=\"screen-reader-text\">\u00ab\u00a0Politique des cookies\u00a0\u00bb<\/span><\/a><\/p>","protected":false},"author":6,"featured_media":0,"parent":0,"menu_order":0,"comment_status":"closed","ping_status":"closed","template":"","meta":{"footnotes":""},"class_list":["post-3574","page","type-page","status-publish","hentry","entry"],"acf":[],"_links":{"self":[{"href":"https:\/\/openstages.net\/fr\/wp-json\/wp\/v2\/pages\/3574","targetHints":{"allow":["GET"]}}],"collection":[{"href":"https:\/\/openstages.net\/fr\/wp-json\/wp\/v2\/pages"}],"about":[{"href":"https:\/\/openstages.net\/fr\/wp-json\/wp\/v2\/types\/page"}],"author":[{"embeddable":true,"href":"https:\/\/openstages.net\/fr\/wp-json\/wp\/v2\/users\/6"}],"replies":[{"embeddable":true,"href":"https:\/\/openstages.net\/fr\/wp-json\/wp\/v2\/comments?post=3574"}],"version-history":[{"count":0,"href":"https:\/\/openstages.net\/fr\/wp-json\/wp\/v2\/pages\/3574\/revisions"}],"wp:attachment":[{"href":"https:\/\/openstages.net\/fr\/wp-json\/wp\/v2\/media?parent=3574"}],"curies":[{"name":"wp","href":"https:\/\/api.w.org\/{rel}","templated":true}]}}