{"id":3571,"date":"2021-03-25T11:38:22","date_gmt":"2021-03-25T10:38:22","guid":{"rendered":"https:\/\/openstages.net\/?page_id=3571"},"modified":"2021-04-18T12:16:35","modified_gmt":"2021-04-18T10:16:35","slug":"terms-and-conditions","status":"publish","type":"page","link":"https:\/\/openstages.net\/it\/terms-and-conditions\/","title":{"rendered":"Termini e Condizioni"},"content":{"rendered":"<div data-elementor-type=\"wp-page\" data-elementor-id=\"3571\" class=\"elementor elementor-3571\" data-elementor-post-type=\"page\">\n\t\t\t\t\t\t<section class=\"elementor-section elementor-top-section elementor-element elementor-element-c74ff37 elementor-section-boxed elementor-section-height-default elementor-section-height-default\" data-id=\"c74ff37\" data-element_type=\"section\" data-e-type=\"section\">\n\t\t\t\t\t\t<div class=\"elementor-container elementor-column-gap-default\">\n\t\t\t\t\t<div class=\"elementor-column elementor-col-100 elementor-top-column elementor-element elementor-element-a4a92ce os-content\" data-id=\"a4a92ce\" data-element_type=\"column\" data-e-type=\"column\">\n\t\t\t<div class=\"elementor-widget-wrap elementor-element-populated\">\n\t\t\t\t\t\t<div class=\"elementor-element elementor-element-1922450 os-titulo elementor-widget elementor-widget-heading\" data-id=\"1922450\" data-element_type=\"widget\" data-e-type=\"widget\" data-widget_type=\"heading.default\">\n\t\t\t\t<div class=\"elementor-widget-container\">\n\t\t\t\t\t<h1 class=\"elementor-heading-title elementor-size-default\">Termini e Condizioni<\/h1>\t\t\t\t<\/div>\n\t\t\t\t<\/div>\n\t\t\t\t<div class=\"elementor-element elementor-element-1a778f66 elementor-widget elementor-widget-text-editor\" data-id=\"1a778f66\" data-element_type=\"widget\" data-e-type=\"widget\" data-widget_type=\"text-editor.default\">\n\t\t\t\t<div class=\"elementor-widget-container\">\n\t\t\t\t\t\t\t\t\t\n<p>Ultimo aggiornamento: 25 marzo 2021<\/p>\n\n<p>Si prega di leggere attentamente questi termini e condizioni prima di utilizzare il nostro servizio.<\/p>\n\n<h1 class=\"wp-block-heading\">Interpretazione e definizioni<\/h1>\n\n<h2 class=\"wp-block-heading\">Interpretazione<\/h2>\n\n<p>Le parole di cui la lettera iniziale \u00e8 in maiuscolo hanno significati definiti alle seguenti condizioni. Le seguenti definizioni avranno lo stesso significato indipendentemente dal fatto che appaiano al singolare o al plurale.<\/p>\n\n<h2 class=\"wp-block-heading\">Definizioni<\/h2>\n\n<p>Ai fini dei presenti Termini e condizioni:<\/p>\n\n<ul class=\"wp-block-list\">\n<li><strong>Affiliato<\/strong>\u00a0indica un&#039;entit\u00e0 che controlla, \u00e8 controllata da o \u00e8 sotto il controllo comune di una parte, dove &quot;controllo&quot; indica la propriet\u00e0 di 50% o pi\u00f9 azioni, partecipazioni o altri titoli aventi diritto di voto per l&#039;elezione di amministratori o altra autorit\u00e0 di gestione.<\/li>\n<li><strong>Nazione<\/strong>\u00a0si riferisce a: Spagna<\/li>\n<li><strong>Azienda<\/strong>\u00a0(indicato come &quot;la Societ\u00e0&quot;, &quot;Noi&quot;, &quot;Noi&quot; o &quot;Nostro&quot; nel presente Contratto) si riferisce a ASSITEJ Spagna, Calle Morat\u00edn 7.<\/li>\n<li><strong>Dispositivo<\/strong>\u00a0indica qualsiasi dispositivo che pu\u00f2 accedere al Servizio come un computer, un telefono cellulare o un tablet digitale.<\/li>\n<li><strong>Servizio<\/strong>\u00a0si riferisce al sito web.<\/li>\n<li><strong>Termini e Condizioni<\/strong>\u00a0(indicato anche come &quot;Termini&quot;) indica i presenti Termini e condizioni che costituiscono l&#039;intero accordo tra l&#039;Utente e la Societ\u00e0 in merito all&#039;uso del Servizio. Questo accordo sui Termini e condizioni \u00e8 stato creato con l&#039;aiuto di\u00a0<a href=\"https:\/\/www.freeprivacypolicy.com\/free-terms-and-conditions-generator\/\" target=\"_blank\" rel=\"noreferrer noopener\">Generatore di termini e condizioni<\/a>.<\/li>\n<li><strong>Servizio di social media di terze parti<\/strong>\u00a0indica qualsiasi servizio o contenuto (inclusi dati, informazioni, prodotti o servizi) fornito da una terza parte che pu\u00f2 essere visualizzato, incluso o reso disponibile dal Servizio.<\/li>\n<li><strong>Sito web<\/strong>\u00a0si riferisce agli Open Stages, accessibili da\u00a0<a href=\"https:\/\/openstages.net\/it\/\" target=\"_blank\" rel=\"noreferrer noopener\">https:\/\/openstages.net\/<\/a><\/li>\n<li><strong>voi<\/strong>\u00a0indica l&#039;individuo che accede o utilizza il Servizio, o la societ\u00e0 o altra entit\u00e0 giuridica per conto della quale tale individuo accede o utilizza il Servizio, a seconda dei casi.<\/li>\n<\/ul>\n\n<h1 class=\"wp-block-heading\">Riconoscimento<\/h1>\n\n<p>Questi sono i termini e le condizioni che regolano l&#039;uso di questo servizio e l&#039;accordo che opera tra te e la societ\u00e0. I presenti Termini e condizioni definiscono i diritti e gli obblighi di tutti gli utenti riguardo all&#039;uso del Servizio.<\/p>\n\n<p>L&#039;accesso e l&#039;utilizzo del Servizio \u00e8 subordinato all&#039;accettazione e al rispetto dei presenti Termini e condizioni. I presenti Termini e condizioni si applicano a tutti i visitatori, utenti e altri che accedono o utilizzano il Servizio.<\/p>\n\n<p>Accedendo o utilizzando il Servizio accetti di essere vincolato dai presenti Termini e condizioni. Se non sei d&#039;accordo con qualsiasi parte di questi Termini e condizioni, non puoi accedere al Servizio.<\/p>\n\n<p>Dichiari di avere pi\u00f9 di 18 anni. La Societ\u00e0 non consente ai minori di 18 anni di utilizzare il Servizio.<\/p>\n\n<p>Il tuo accesso e utilizzo del Servizio \u00e8 anche condizionato all&#039;accettazione e al rispetto della Privacy Policy della Societ\u00e0. La nostra Informativa sulla privacy descrive le nostre politiche e procedure sulla raccolta, l&#039;uso e la divulgazione delle tue informazioni personali quando usi l&#039;Applicazione o il sito web e ti informa sui tuoi diritti alla privacy e su come la legge ti protegge. Si prega di leggere attentamente la nostra politica sulla privacy prima di utilizzare il nostro servizio.<\/p>\n\n<h1 class=\"wp-block-heading\">Collegamenti ad altri siti web<\/h1>\n\n<p>Il nostro servizio pu\u00f2 contenere collegamenti a siti Web o servizi di terze parti che non sono di propriet\u00e0 o controllati dalla Societ\u00e0.<\/p>\n\n<p>La Societ\u00e0 non ha alcun controllo e non si assume alcuna responsabilit\u00e0 per il contenuto, le politiche sulla privacy o le pratiche di siti Web o servizi di terze parti. Riconosci inoltre e accetti che la Societ\u00e0 non sar\u00e0 responsabile o responsabile, direttamente o indirettamente, per eventuali danni o perdite causati o presumibilmente causati da o in connessione con l&#039;uso o l&#039;affidamento su tali contenuti, beni o servizi disponibili su o tramite uno qualsiasi di tali siti Web o servizi.<\/p>\n\n<p>Ti consigliamo vivamente di leggere i termini e le condizioni e le politiche sulla privacy di qualsiasi sito web o servizio di terze parti che visiti.<\/p>\n\n<h1 class=\"wp-block-heading\">Risoluzione<\/h1>\n\n<p>Possiamo interrompere o sospendere il tuo accesso immediatamente, senza preavviso o responsabilit\u00e0, per qualsiasi motivo, incluso, senza limitazione, in caso di violazione dei presenti Termini e condizioni.<\/p>\n\n<p>In caso di risoluzione, il diritto dell&#039;Utente di utilizzare il Servizio cesser\u00e0 immediatamente.<\/p>\n\n<h1 class=\"wp-block-heading\">Limitazione di responsabilit\u00e0<\/h1>\n\n<p>Nonostante eventuali danni in cui potresti incorrere, l&#039;intera responsabilit\u00e0 della Societ\u00e0 e dei suoi fornitori ai sensi di qualsiasi disposizione dei presenti Termini e il tuo esclusivo rimedio per tutto quanto sopra sar\u00e0 limitato all&#039;importo effettivamente pagato da te tramite il Servizio o 100 USD se non hai acquistato nulla tramite il Servizio.<\/p>\n\n<p>Nella misura massima consentita dalla legge applicabile, in nessun caso la Societ\u00e0 oi suoi fornitori saranno responsabili per danni speciali, incidentali, indiretti o consequenziali di qualsiasi tipo (inclusi, ma non limitati a, danni per perdita di profitti, perdita di dati o altre informazioni, per l&#039;interruzione dell&#039;attivit\u00e0, per lesioni personali, perdita di privacy derivante da o in qualsiasi modo correlata all&#039;uso o all&#039;impossibilit\u00e0 di utilizzare il Servizio, software di terze parti e \/ o hardware di terze parti utilizzato con il Servizio, o altrimenti in relazione a qualsiasi disposizione dei presenti Termini), anche se la Societ\u00e0 o qualsiasi fornitore \u00e8 stato informato della possibilit\u00e0 di tali danni e anche se il rimedio fallisce nel suo scopo essenziale.<\/p>\n\n<p>Alcuni stati non consentono l&#039;esclusione di garanzie implicite o la limitazione di responsabilit\u00e0 per danni incidentali o consequenziali, il che significa che alcune delle limitazioni di cui sopra potrebbero non essere applicabili. In questi stati, la responsabilit\u00e0 di ciascuna parte sar\u00e0 limitata nella misura massima consentita dalla legge.<\/p>\n\n<h1 class=\"wp-block-heading\">Disclaimer &quot;COS\u00cc COM&#039;\u00c8&quot; e &quot;COME DISPONIBILE&quot;<\/h1>\n\n<p>Il Servizio viene fornito &quot;COS\u00cc COM&#039;\u00c8&quot; e &quot;COME DISPONIBILE&quot; e con tutti i vizi e difetti senza garanzie di alcun tipo. Nella misura massima consentita dalla legge applicabile, la Societ\u00e0, per proprio conto e per conto delle sue affiliate e dei suoi e dei rispettivi licenziatari e fornitori di servizi, declina espressamente tutte le garanzie, espresse, implicite, legali o di altro tipo, in relazione al Servizio, comprese tutte le garanzie implicite di commerciabilit\u00e0, idoneit\u00e0 per uno scopo particolare, titolo e non violazione e garanzie che possono derivare da transazioni, prestazioni, utilizzo o pratiche commerciali. Senza limitazione a quanto sopra, la Societ\u00e0 non fornisce alcuna garanzia o impegno e non garantisce di alcun tipo che il Servizio soddisfer\u00e0 i requisiti dell&#039;utente, raggiunger\u00e0 i risultati desiderati, sar\u00e0 compatibile o funzioner\u00e0 con altri software, applicazioni, sistemi o servizi, funzioner\u00e0 senza interruzioni, soddisfare qualsiasi standard di prestazioni o affidabilit\u00e0 o essere privi di errori o che eventuali errori o difetti possano o saranno corretti.<\/p>\n\n<p>Senza limitare quanto sopra, n\u00e9 la Societ\u00e0 n\u00e9 alcuno dei fornitori della societ\u00e0 rilascia alcuna dichiarazione o garanzia di alcun tipo, espressa o implicita: (i) in merito al funzionamento o alla disponibilit\u00e0 del Servizio, o alle informazioni, contenuti e materiali o prodotti ivi incluso; (ii) che il Servizio sar\u00e0 ininterrotto o privo di errori; (iii) per quanto riguarda l&#039;accuratezza, l&#039;affidabilit\u00e0 o l&#039;attualit\u00e0 di qualsiasi informazione o contenuto fornito tramite il Servizio; o (iv) che il Servizio, i suoi server, il contenuto o le e-mail inviate da o per conto della Societ\u00e0 siano privi di virus, script, cavalli di Troia, worm, malware, timebomb o altri componenti dannosi.<\/p>\n\n<p>Alcune giurisdizioni non consentono l&#039;esclusione di determinati tipi di garanzie o limitazioni sui diritti legali applicabili di un consumatore, pertanto alcune o tutte le esclusioni e limitazioni di cui sopra potrebbero non essere applicabili all&#039;Utente. In tal caso, tuttavia, le esclusioni e le limitazioni stabilite in questa sezione saranno applicate nella misura massima applicabile ai sensi della legge applicabile.<\/p>\n\n<h1 class=\"wp-block-heading\">Legge governativa<\/h1>\n\n<p>Le leggi del Paese, esclusi i suoi conflitti di norme di legge, regoleranno i presenti Termini e l&#039;utilizzo del Servizio da parte dell&#039;utente. L&#039;utilizzo dell&#039;Applicazione pu\u00f2 anche essere soggetto ad altre leggi locali, statali, nazionali o internazionali.<\/p>\n\n<h1 class=\"wp-block-heading\">Risoluzione delle controversie<\/h1>\n\n<p>In caso di dubbi o controversie sul Servizio, l&#039;utente accetta di provare prima a risolvere la controversia in modo informale contattando la Societ\u00e0.<\/p>\n\n<h1 class=\"wp-block-heading\">Per gli utenti dell&#039;Unione Europea (UE)<\/h1>\n\n<p>Se sei un consumatore dell&#039;Unione Europea, beneficerai di eventuali disposizioni obbligatorie della legge del paese in cui risiedi.<\/p>\n\n<h1 class=\"wp-block-heading\">Conformit\u00e0 legale degli Stati Uniti<\/h1>\n\n<p>Dichiari e garantisci di (i) di non trovarti in un paese soggetto all&#039;embargo del governo degli Stati Uniti o che \u00e8 stato designato dal governo degli Stati Uniti come paese di &quot;sostegno al terrorismo&quot; e (ii) di non essere elencato in qualsiasi elenco governativo degli Stati Uniti di parti vietate o soggette a restrizioni.<\/p>\n\n<h1 class=\"wp-block-heading\">Separabilit\u00e0 e rinuncia<\/h1>\n\n<h2 class=\"wp-block-heading\">Separabilit\u00e0<\/h2>\n\n<p>Se una qualsiasi disposizione dei presenti Termini \u00e8 ritenuta inapplicabile o non valida, tale disposizione sar\u00e0 modificata e interpretata per raggiungere gli obiettivi di tale disposizione nella misura pi\u00f9 ampia possibile ai sensi della legge applicabile e le restanti disposizioni continueranno a essere pienamente valide ed efficaci.<\/p>\n\n<h2 class=\"wp-block-heading\">Rinuncia<\/h2>\n\n<p>Ad eccezione di quanto previsto nel presente documento, il mancato esercizio di un diritto o la richiesta di adempimento di un obbligo ai sensi dei presenti Termini non influir\u00e0 sulla capacit\u00e0 di una parte di esercitare tale diritto o richiedere tale prestazione in qualsiasi momento successivo n\u00e9 la rinuncia a una violazione costituir\u00e0 una rinuncia. di qualsiasi successiva violazione.<\/p>\n\n<h1 class=\"wp-block-heading\">Interpretazione della traduzione<\/h1>\n\n<p>Questi Termini e Condizioni potrebbero essere stati tradotti se li abbiamo resi disponibili sul nostro Servizio. Accetti che il testo originale inglese prevarr\u00e0 in caso di controversia.<\/p>\n\n<h1 class=\"wp-block-heading\">Modifiche ai presenti Termini e condizioni<\/h1>\n\n<p>Ci riserviamo il diritto, a nostra esclusiva discrezione, di modificare o sostituire i presenti Termini in qualsiasi momento. Se una revisione \u00e8 materiale, faremo ogni ragionevole sforzo per fornire un preavviso di almeno 30 giorni prima che i nuovi termini entrino in vigore. Ci\u00f2 che costituisce una modifica sostanziale sar\u00e0 determinato a nostra esclusiva discrezione.<\/p>\n\n<p>Continuando ad accedere o utilizzare il nostro servizio dopo che tali revisioni diventano effettive, accetti di essere vincolato dai termini modificati. Se non accetti i nuovi termini, in tutto o in parte, interrompi l&#039;utilizzo del sito Web e del Servizio.<\/p>\n\n<h1 class=\"wp-block-heading\">Contattaci<\/h1>\n\n<p>In caso di domande sui presenti Termini e condizioni, \u00e8 possibile contattarci:<\/p>\n\n<ul class=\"wp-block-list\">\n<li>Tramite e-mail: info@openstages.net<\/li>\n<\/ul>\n\t\t\t\t\t\t\t\t<\/div>\n\t\t\t\t<\/div>\n\t\t\t\t\t<\/div>\n\t\t<\/div>\n\t\t\t\t\t<\/div>\n\t\t<\/section>\n\t\t\t\t<\/div>","protected":false},"excerpt":{"rendered":"<p>Termini e condizioni Ultimo aggiornamento: 25 marzo 2021 Si prega di leggere attentamente questi termini e condizioni prima di utilizzare il nostro servizio. Interpretazione e definizioni Interpretazione Le parole la cui lettera iniziale \u00e8 maiuscola hanno significati definiti alle seguenti condizioni. Le seguenti definizioni hanno lo stesso significato indipendentemente dal fatto che appaiano al singolare o<a class=\"more-link\" href=\"https:\/\/openstages.net\/it\/terms-and-conditions\/\">Continua a leggere <span class=\"screen-reader-text\">&quot;Termini e Condizioni&quot;<\/span><\/a><\/p>","protected":false},"author":6,"featured_media":0,"parent":0,"menu_order":0,"comment_status":"closed","ping_status":"closed","template":"","meta":{"footnotes":""},"class_list":["post-3571","page","type-page","status-publish","hentry","entry"],"acf":[],"_links":{"self":[{"href":"https:\/\/openstages.net\/it\/wp-json\/wp\/v2\/pages\/3571","targetHints":{"allow":["GET"]}}],"collection":[{"href":"https:\/\/openstages.net\/it\/wp-json\/wp\/v2\/pages"}],"about":[{"href":"https:\/\/openstages.net\/it\/wp-json\/wp\/v2\/types\/page"}],"author":[{"embeddable":true,"href":"https:\/\/openstages.net\/it\/wp-json\/wp\/v2\/users\/6"}],"replies":[{"embeddable":true,"href":"https:\/\/openstages.net\/it\/wp-json\/wp\/v2\/comments?post=3571"}],"version-history":[{"count":0,"href":"https:\/\/openstages.net\/it\/wp-json\/wp\/v2\/pages\/3571\/revisions"}],"wp:attachment":[{"href":"https:\/\/openstages.net\/it\/wp-json\/wp\/v2\/media?parent=3571"}],"curies":[{"name":"wp","href":"https:\/\/api.w.org\/{rel}","templated":true}]}}